{"id":1579,"date":"2024-06-21T11:02:49","date_gmt":"2024-06-21T09:02:49","guid":{"rendered":"https:\/\/bauapp.pl\/?page_id=1579"},"modified":"2024-07-02T15:15:05","modified_gmt":"2024-07-02T13:15:05","slug":"demo","status":"publish","type":"page","link":"https:\/\/bauapp.pl\/?page_id=1579","title":{"rendered":"PRZETESTUJ"},"content":{"rendered":"<section class=\"l-section wpb_row height_medium\"><div class=\"l-section-overlay\" style=\"background:#ffffff\"><\/div><div class=\"l-section-h i-cf\"><div class=\"g-cols vc_row via_grid cols_2 laptops-cols_inherit tablets-cols_inherit mobiles-cols_1 valign_top type_default stacking_default\"><div class=\"wpb_column vc_column_container\"><div class=\"vc_column-inner\"><\/div><\/div><div class=\"wpb_column vc_column_container\"><div class=\"vc_column-inner\"><div class=\"w-iconbox iconpos_left style_default color_custom align_left no_title\"><div class=\"w-iconbox-icon\" style=\"font-size:4rem;--icon-color:#038B45;--icon-bg-color:#038B45;\"><i class=\"fas fa-check-circle\"><\/i><\/div><div class=\"w-iconbox-meta\"><div class=\"w-iconbox-text\"><h4 style=\"margin-top: 1px; margin-bottom: 1px;\">Zarz\u0105dzaj swoim projektem z BauApp \u2013 teraz bez zobowi\u0105za\u0144, za darmo do 30 dni<\/h4>\n<\/div><\/div><\/div><\/div><\/div><\/div><\/div><\/section><section class=\"l-section wpb_row us_custom_a75502ba height_auto width_full\"><div class=\"l-section-overlay\" style=\"background:rgba(0,0,0,0.08)\"><\/div><div class=\"l-section-h i-cf\"><div class=\"g-cols vc_row via_grid cols_2 laptops-cols_inherit tablets-cols_inherit mobiles-cols_1 valign_middle type_default stacking_default\"><div class=\"wpb_column vc_column_container\"><div class=\"vc_column-inner\"><div class=\"w-image Kepszerkesztes align_left\"><div class=\"w-image-h\"><img loading=\"lazy\" decoding=\"async\" width=\"2048\" height=\"2000\" src=\"https:\/\/bauapp.pl\/wp-content\/uploads\/2024\/06\/4edited-2048x2000-1.png\" class=\"attachment-full size-full\" alt=\"\" loading=\"lazy\" srcset=\"https:\/\/bauapp.pl\/wp-content\/uploads\/2024\/06\/4edited-2048x2000-1.png 2048w, https:\/\/bauapp.pl\/wp-content\/uploads\/2024\/06\/4edited-2048x2000-1-300x293.png 300w, https:\/\/bauapp.pl\/wp-content\/uploads\/2024\/06\/4edited-2048x2000-1-1024x1000.png 1024w\" sizes=\"auto, (max-width: 2048px) 100vw, 2048px\" \/><\/div><\/div><\/div><\/div><div class=\"wpb_column vc_column_container\"><div class=\"vc_column-inner\"><div class=\"wpb_text_column\"><div class=\"wpb_wrapper\"><div class=\"col-md-6\">\n<h3>Przetestuj pe\u0142n\u0105 wersj\u0119 BauApp do 30 dni!<\/h3>\n<h6><\/h6>\n<h6>Wype\u0142nij zg\u0142oszenie albo skontaktuj si\u0119 z nami, by pozna\u0107 szczeg\u00f3\u0142y i wdro\u017cy\u0107 bezp\u0142atn\u0105 wersj\u0119 bez zobowi\u0105za\u0144 do 30 dni.<\/h6>\n<\/div><\/div><\/div><\/div><div class=\"wpb_column vc_column_container us_custom_9296d388\"><div class=\"vc_column-inner\"><\/div><\/div><div class=\"wpb_column vc_column_container\"><div class=\"vc_column-inner\"><noscript class=\"ninja-forms-noscript-message\">\n\tNotice: JavaScript is required for this content.<\/noscript>\n<div id=\"nf-form-10-cont\" class=\"nf-form-cont\" aria-live=\"polite\" aria-labelledby=\"nf-form-title-10\" aria-describedby=\"nf-form-errors-10\" role=\"form\">\n\n    <div class=\"nf-loading-spinner\"><\/div>\n\n<\/div>\n        <!-- That data is being printed as a workaround to page builders reordering the order of the scripts loaded-->\n        <script>var formDisplay=1;var nfForms=nfForms||[];var form=[];form.id='10';form.settings={\"objectType\":\"Form Setting\",\"editActive\":\"1\",\"title\":\"Test request - copy\",\"created_at\":\"2024-07-01 15:24:58\",\"default_label_pos\":\"above\",\"show_title\":\"0\",\"clear_complete\":\"1\",\"hide_complete\":\"1\",\"logged_in\":\"\",\"wrapper_class\":\"\",\"element_class\":\"\",\"key\":\"\",\"add_submit\":\"0\",\"changeEmailErrorMsg\":\"Please enter a valid email address!\",\"changeDateErrorMsg\":\"Please enter a valid date!\",\"confirmFieldErrorMsg\":\"These fields must match!\",\"fieldNumberNumMinError\":\"Number Min Error\",\"fieldNumberNumMaxError\":\"Number Max Error\",\"fieldNumberIncrementBy\":\"Please increment by \",\"formErrorsCorrectErrors\":\"Prosz\\u0119 wype\\u0142ni\\u0107 wymagane pola\",\"validateRequiredField\":\"Pole wymagane\",\"honeypotHoneypotError\":\"Honeypot Error\",\"fieldsMarkedRequired\":\" \",\"currency\":\"\",\"unique_field_error\":\"A form with this value has already been submitted.\",\"not_logged_in_msg\":\"\",\"sub_limit_msg\":\"The form has reached its submission limit.\",\"calculations\":[],\"formContentData\":[\"nazwa_uzytkownika_1584541968922\",\"e-mail_1584541986864\",\"telefon_1584542019996\",\"html_1584542065894\",\"zgadzam_sie_z_polityka_rodo_1584542073987\",\"zatwierdz_1584542110276\"],\"drawerDisabled\":\"\",\"allow_public_link\":0,\"embed_form\":\"\",\"form_title_heading_level\":\"3\",\"ninjaForms\":\"Ninja Forms\",\"fieldTextareaRTEInsertLink\":\"Insert Link\",\"fieldTextareaRTEInsertMedia\":\"Insert Media\",\"fieldTextareaRTESelectAFile\":\"Select a file\",\"formHoneypot\":\"If you are a human seeing this field, please leave it empty.\",\"fileUploadOldCodeFileUploadInProgress\":\"File Upload in Progress.\",\"fileUploadOldCodeFileUpload\":\"FILE UPLOAD\",\"currencySymbol\":\"&#36;\",\"thousands_sep\":\"&nbsp;\",\"decimal_point\":\",\",\"siteLocale\":\"hu_HU\",\"dateFormat\":\"m\\\/d\\\/Y\",\"startOfWeek\":\"1\",\"of\":\"of\",\"previousMonth\":\"Previous Month\",\"nextMonth\":\"Next Month\",\"months\":[\"January\",\"February\",\"March\",\"April\",\"May\",\"June\",\"July\",\"August\",\"September\",\"October\",\"November\",\"December\"],\"monthsShort\":[\"Jan\",\"Feb\",\"Mar\",\"Apr\",\"May\",\"Jun\",\"Jul\",\"Aug\",\"Sep\",\"Oct\",\"Nov\",\"Dec\"],\"weekdays\":[\"Sunday\",\"Monday\",\"Tuesday\",\"Wednesday\",\"Thursday\",\"Friday\",\"Saturday\"],\"weekdaysShort\":[\"Sun\",\"Mon\",\"Tue\",\"Wed\",\"Thu\",\"Fri\",\"Sat\"],\"weekdaysMin\":[\"Su\",\"Mo\",\"Tu\",\"We\",\"Th\",\"Fr\",\"Sa\"],\"recaptchaConsentMissing\":\"reCaptcha validation couldn&#039;t load.\",\"recaptchaMissingCookie\":\"reCaptcha v3 validation couldn&#039;t load the cookie needed to submit the form.\",\"recaptchaConsentEvent\":\"Accept reCaptcha cookies before sending the form.\",\"currency_symbol\":\"\",\"beforeForm\":\"\",\"beforeFields\":\"\",\"afterFields\":\"\",\"afterForm\":\"\"};form.fields=[{\"objectType\":\"Field\",\"objectDomain\":\"fields\",\"editActive\":false,\"order\":1,\"idAttribute\":\"id\",\"label\":\"Nazwa u\\u017cytkownika\",\"type\":\"firstname\",\"key\":\"nazwa_uzytkownika_1584541968922\",\"label_pos\":\"above\",\"required\":\"\",\"default\":\"\",\"placeholder\":\"\",\"container_class\":\"\",\"element_class\":\"\",\"admin_label\":\"\",\"help_text\":\"\",\"custom_name_attribute\":\"fname\",\"personally_identifiable\":1,\"value\":\"\",\"drawerDisabled\":\"\",\"field_label\":\"Nazwa u\\u017cytkownika\",\"field_key\":\"nazwa_uzytkownika_1584541968922\",\"id\":48,\"beforeField\":\"\",\"afterField\":\"\",\"parentType\":\"firstname\",\"element_templates\":[\"firstname\",\"input\"],\"old_classname\":\"\",\"wrap_template\":\"wrap\"},{\"objectType\":\"Field\",\"objectDomain\":\"fields\",\"editActive\":false,\"order\":2,\"idAttribute\":\"id\",\"label\":\"E-mail\",\"type\":\"email\",\"key\":\"e-mail_1584541986864\",\"label_pos\":\"above\",\"required\":1,\"default\":\"\",\"placeholder\":\"\",\"container_class\":\"\",\"element_class\":\"\",\"admin_label\":\"\",\"help_text\":\"\",\"custom_name_attribute\":\"email\",\"personally_identifiable\":1,\"value\":\"\",\"field_label\":\"E-mail\",\"field_key\":\"e-mail_1584541986864\",\"id\":49,\"beforeField\":\"\",\"afterField\":\"\",\"parentType\":\"email\",\"element_templates\":[\"email\",\"input\"],\"old_classname\":\"\",\"wrap_template\":\"wrap\"},{\"objectType\":\"Field\",\"objectDomain\":\"fields\",\"editActive\":false,\"order\":3,\"idAttribute\":\"id\",\"label\":\"Telefon\",\"type\":\"phone\",\"key\":\"telefon_1584542019996\",\"label_pos\":\"above\",\"required\":\"\",\"default\":\"\",\"placeholder\":\"\",\"container_class\":\"\",\"element_class\":\"\",\"input_limit\":\"\",\"input_limit_type\":\"characters\",\"input_limit_msg\":\"Character(s) left\",\"manual_key\":\"\",\"admin_label\":\"\",\"help_text\":\"\",\"mask\":\"\",\"custom_mask\":\"\",\"custom_name_attribute\":\"phone\",\"personally_identifiable\":1,\"value\":\"\",\"field_label\":\"Telefon\",\"field_key\":\"telefon_1584542019996\",\"id\":50,\"beforeField\":\"\",\"afterField\":\"\",\"parentType\":\"textbox\",\"element_templates\":[\"tel\",\"textbox\",\"input\"],\"old_classname\":\"\",\"wrap_template\":\"wrap\"},{\"objectType\":\"Field\",\"objectDomain\":\"fields\",\"editActive\":false,\"order\":4,\"idAttribute\":\"id\",\"label\":\"HTML\",\"type\":\"html\",\"default\":\"<p><span style=\\\"font-family: Arial; font-size: 13px; font-style: italic;\\\">Zgodnie z Og\\u00f3lnymi zasadami ochrony danych (<a href=\\\"https:\\\/\\\/bauapp.pl\\\/wp-content\\\/uploads\\\/2024\\\/06\\\/BAUAPP_GDPR_PL_2021.pdf\\\">RODO<\\\/a>), niniejszym akceptuj\\u0119 i wyra\\u017cam zgod\\u0119 na zarz\\u0105dzanie podanymi przeze mnie danymi osobowymi zgodnie z polityk\\u0105 <a href=\\\"https:\\\/\\\/bauapp.pl\\\/wp-content\\\/uploads\\\/2024\\\/06\\\/BAUAPP_GDPR_PL_2021.pdf\\\">RODO<\\\/a> administratora danych BauApp. Potwierdzam, \\u017ce przeczyta\\u0142em i zgadzam si\\u0119 z polityk\\u0105 <a href=\\\"https:\\\/\\\/bauapp.pl\\\/wp-content\\\/uploads\\\/2024\\\/06\\\/BAUAPP_GDPR_PL_2021.pdf\\\">RODO<\\\/a> administratora danych. Rozumiem, \\u017ce zgodnie z art. 7-3 <a href=\\\"https:\\\/\\\/bauapp.pl\\\/wp-content\\\/uploads\\\/2024\\\/06\\\/BAUAPP_GDPR_PL_2021.pdf\\\">RODO<\\\/a> mog\\u0119 wycofa\\u0107 swoj\\u0105 zgod\\u0119 w dowolnym momencie.<\\\/span><br><\\\/p>\",\"container_class\":\"\",\"element_class\":\"\",\"key\":\"html_1584542065894\",\"drawerDisabled\":false,\"field_label\":\"HTML\",\"field_key\":\"html_1584542065894\",\"id\":51,\"beforeField\":\"\",\"afterField\":\"\",\"value\":\"<p><span style=\\\"font-family: Arial; font-size: 13px; font-style: italic;\\\">Zgodnie z Og\\u00f3lnymi zasadami ochrony danych (<a href=\\\"https:\\\/\\\/bauapp.pl\\\/wp-content\\\/uploads\\\/2024\\\/06\\\/BAUAPP_GDPR_PL_2021.pdf\\\">RODO<\\\/a>), niniejszym akceptuj\\u0119 i wyra\\u017cam zgod\\u0119 na zarz\\u0105dzanie podanymi przeze mnie danymi osobowymi zgodnie z polityk\\u0105 <a href=\\\"https:\\\/\\\/bauapp.pl\\\/wp-content\\\/uploads\\\/2024\\\/06\\\/BAUAPP_GDPR_PL_2021.pdf\\\">RODO<\\\/a> administratora danych BauApp. Potwierdzam, \\u017ce przeczyta\\u0142em i zgadzam si\\u0119 z polityk\\u0105 <a href=\\\"https:\\\/\\\/bauapp.pl\\\/wp-content\\\/uploads\\\/2024\\\/06\\\/BAUAPP_GDPR_PL_2021.pdf\\\">RODO<\\\/a> administratora danych. Rozumiem, \\u017ce zgodnie z art. 7-3 <a href=\\\"https:\\\/\\\/bauapp.pl\\\/wp-content\\\/uploads\\\/2024\\\/06\\\/BAUAPP_GDPR_PL_2021.pdf\\\">RODO<\\\/a> mog\\u0119 wycofa\\u0107 swoj\\u0105 zgod\\u0119 w dowolnym momencie.<\\\/span><br><\\\/p>\",\"label_pos\":\"above\",\"parentType\":\"html\",\"element_templates\":[\"html\",\"input\"],\"old_classname\":\"\",\"wrap_template\":\"wrap\"},{\"objectType\":\"Field\",\"objectDomain\":\"fields\",\"editActive\":false,\"order\":5,\"idAttribute\":\"id\",\"label\":\"Zgadzam si\\u0119 z polityk\\u0105 RODO.\",\"type\":\"checkbox\",\"key\":\"zgadzam_sie_z_polityka_rodo_1584542073987\",\"label_pos\":\"right\",\"required\":1,\"container_class\":\"\",\"element_class\":\"\",\"manual_key\":\"\",\"admin_label\":\"\",\"help_text\":\"\",\"default_value\":\"unchecked\",\"checked_value\":\"Checked\",\"unchecked_value\":\"Unchecked\",\"checked_calc_value\":\"\",\"unchecked_calc_value\":\"\",\"drawerDisabled\":\"\",\"default\":\"unchecked\",\"field_label\":\"Zgadzam si\\u0119 z polityk\\u0105 RODO.\",\"field_key\":\"zgadzam_sie_z_polityka_rodo_1584542073987\",\"value\":\"unchecked\",\"id\":52,\"beforeField\":\"\",\"afterField\":\"\",\"parentType\":\"checkbox\",\"element_templates\":[\"checkbox\",\"input\"],\"old_classname\":\"\",\"wrap_template\":\"wrap\"},{\"objectType\":\"Field\",\"objectDomain\":\"fields\",\"editActive\":false,\"order\":6,\"idAttribute\":\"id\",\"label\":\"Zatwierd\\u017a\",\"type\":\"submit\",\"processing_label\":\"Processing\",\"container_class\":\"\",\"element_class\":\"w-btn style_solid color_primary icon_none\",\"key\":\"zatwierdz_1584542110276\",\"field_label\":\"Zatwierd\\u017a\",\"field_key\":\"zatwierdz_1584542110276\",\"id\":53,\"beforeField\":\"\",\"afterField\":\"\",\"value\":\"\",\"label_pos\":\"above\",\"parentType\":\"textbox\",\"element_templates\":[\"submit\",\"button\",\"input\"],\"old_classname\":\"\",\"wrap_template\":\"wrap-no-label\"}];nfForms.push(form);<\/script>\n        <div class=\"wpb_text_column\"><div class=\"wpb_wrapper\"><\/div>\n<\/div><\/div><\/div><\/div><\/div><\/div><\/section><section class=\"l-section wpb_row height_medium\"><div class=\"l-section-h i-cf\"><div class=\"g-cols vc_row via_grid cols_1-4-1 laptops-cols_inherit tablets-cols_inherit mobiles-cols_1 valign_top type_default stacking_default\"><div class=\"wpb_column vc_column_container\"><div class=\"vc_column-inner\"><\/div><\/div><div class=\"wpb_column vc_column_container\"><div class=\"vc_column-inner\"><div class=\"wpb_text_column us_custom_f53a2c15\"><div class=\"wpb_wrapper\"><h4>Nie jeste\u015b pewien, czy Twoja firma potrzebuje wszystkich modu\u0142\u00f3w BauApp? Obawiasz si\u0119, \u017ce wdro\u017cenie aplikacji \u00a0mo\u017ce okaza\u0107 si\u0119 czasoch\u0142onne? Przekonaj si\u0119 bez \u017cadnych koszt\u00f3w!<\/h4>\n<ul>\n<li>\n<h6>Wdr\u00f3\u017c BauApp na jednej z Twoich inwestycji<\/h6>\n<\/li>\n<li>\n<h6>Pe\u0142na konfiguracja konta i wdro\u017cenie trwa zaledwie kilka godzin<\/h6>\n<\/li>\n<li>\n<h6>Darmowe szkolenia dla wszystkich u\u017cytkownik\u00f3w<\/h6>\n<\/li>\n<li>\n<h6>Pe\u0142ne wsparcie techniczne podczas ca\u0142ego okresu wykorzystania BauApp<\/h6>\n<\/li>\n<\/ul>\n<\/div><\/div><\/div><\/div><div class=\"wpb_column vc_column_container\"><div class=\"vc_column-inner\"><\/div><\/div><\/div><\/div><\/section><div class=\"wpb_column vc_column_container\"><div class=\"vc_column-inner\"><\/div><\/div><div class=\"wpb_column vc_column_container\"><div class=\"vc_column-inner\"><\/div><\/div><div class=\"wpb_column vc_column_container\"><div class=\"vc_column-inner\"><\/div><\/div><div class=\"wpb_column vc_column_container us_custom_9296d388\"><div class=\"vc_column-inner\"><\/div><\/div>\n","protected":false},"excerpt":{"rendered":"Zarz\u0105dzaj swoim projektem z BauApp \u2013 teraz bez zobowi\u0105za\u0144, za darmo do 30 dni Przetestuj pe\u0142n\u0105 wersj\u0119 BauApp do 30 dni! Wype\u0142nij zg\u0142oszenie albo skontaktuj si\u0119 z nami, by pozna\u0107 szczeg\u00f3\u0142y i wdro\u017cy\u0107 bezp\u0142atn\u0105 wersj\u0119 bez zobowi\u0105za\u0144 do 30 dni. Notice: JavaScript is required for this content. Nie jeste\u015b pewien, czy Twoja firma potrzebuje wszystkich...","protected":false},"author":1,"featured_media":0,"parent":0,"menu_order":0,"comment_status":"closed","ping_status":"closed","template":"","meta":{"_exactmetrics_skip_tracking":false,"_exactmetrics_sitenote_active":false,"_exactmetrics_sitenote_note":"","_exactmetrics_sitenote_category":0,"footnotes":""},"class_list":["post-1579","page","type-page","status-publish","hentry"],"yoast_head":"<!-- This site is optimized with the Yoast SEO plugin v27.4 - https:\/\/yoast.com\/product\/yoast-seo-wordpress\/ -->\n<title>PRZETESTUJ - bauapp.pl<\/title>\n<meta name=\"robots\" content=\"index, follow, max-snippet:-1, max-image-preview:large, max-video-preview:-1\" \/>\n<link rel=\"canonical\" href=\"https:\/\/bauapp.pl\/?page_id=1579\" \/>\n<meta property=\"og:locale\" content=\"hu_HU\" \/>\n<meta property=\"og:type\" content=\"article\" \/>\n<meta property=\"og:title\" content=\"PRZETESTUJ - bauapp.pl\" \/>\n<meta property=\"og:url\" content=\"https:\/\/bauapp.pl\/?page_id=1579\" \/>\n<meta property=\"og:site_name\" content=\"bauapp.pl\" \/>\n<meta property=\"article:modified_time\" content=\"2024-07-02T13:15:05+00:00\" \/>\n<meta name=\"twitter:card\" content=\"summary_large_image\" \/>\n<meta name=\"twitter:label1\" content=\"Becs\u00fclt olvas\u00e1si id\u0151\" \/>\n\t<meta name=\"twitter:data1\" content=\"1 perc\" \/>\n<script type=\"application\/ld+json\" class=\"yoast-schema-graph\">{\"@context\":\"https:\\\/\\\/schema.org\",\"@graph\":[{\"@type\":\"WebPage\",\"@id\":\"https:\\\/\\\/bauapp.pl\\\/?page_id=1579\",\"url\":\"https:\\\/\\\/bauapp.pl\\\/?page_id=1579\",\"name\":\"PRZETESTUJ - bauapp.pl\",\"isPartOf\":{\"@id\":\"https:\\\/\\\/bauapp.pl\\\/#website\"},\"datePublished\":\"2024-06-21T09:02:49+00:00\",\"dateModified\":\"2024-07-02T13:15:05+00:00\",\"breadcrumb\":{\"@id\":\"https:\\\/\\\/bauapp.pl\\\/?page_id=1579#breadcrumb\"},\"inLanguage\":\"hu\",\"potentialAction\":[{\"@type\":\"ReadAction\",\"target\":[\"https:\\\/\\\/bauapp.pl\\\/?page_id=1579\"]}]},{\"@type\":\"BreadcrumbList\",\"@id\":\"https:\\\/\\\/bauapp.pl\\\/?page_id=1579#breadcrumb\",\"itemListElement\":[{\"@type\":\"ListItem\",\"position\":1,\"name\":\"Kezd\u0151lap\",\"item\":\"https:\\\/\\\/bauapp.pl\\\/\"},{\"@type\":\"ListItem\",\"position\":2,\"name\":\"PRZETESTUJ\"}]},{\"@type\":\"WebSite\",\"@id\":\"https:\\\/\\\/bauapp.pl\\\/#website\",\"url\":\"https:\\\/\\\/bauapp.pl\\\/\",\"name\":\"bauapp.pl\",\"description\":\"Aplikacja mobilna Bauapp Kft Construction\",\"potentialAction\":[{\"@type\":\"SearchAction\",\"target\":{\"@type\":\"EntryPoint\",\"urlTemplate\":\"https:\\\/\\\/bauapp.pl\\\/?s={search_term_string}\"},\"query-input\":{\"@type\":\"PropertyValueSpecification\",\"valueRequired\":true,\"valueName\":\"search_term_string\"}}],\"inLanguage\":\"hu\"}]}<\/script>\n<!-- \/ Yoast SEO plugin. -->","yoast_head_json":{"title":"PRZETESTUJ - bauapp.pl","robots":{"index":"index","follow":"follow","max-snippet":"max-snippet:-1","max-image-preview":"max-image-preview:large","max-video-preview":"max-video-preview:-1"},"canonical":"https:\/\/bauapp.pl\/?page_id=1579","og_locale":"hu_HU","og_type":"article","og_title":"PRZETESTUJ - bauapp.pl","og_url":"https:\/\/bauapp.pl\/?page_id=1579","og_site_name":"bauapp.pl","article_modified_time":"2024-07-02T13:15:05+00:00","twitter_card":"summary_large_image","twitter_misc":{"Becs\u00fclt olvas\u00e1si id\u0151":"1 perc"},"schema":{"@context":"https:\/\/schema.org","@graph":[{"@type":"WebPage","@id":"https:\/\/bauapp.pl\/?page_id=1579","url":"https:\/\/bauapp.pl\/?page_id=1579","name":"PRZETESTUJ - bauapp.pl","isPartOf":{"@id":"https:\/\/bauapp.pl\/#website"},"datePublished":"2024-06-21T09:02:49+00:00","dateModified":"2024-07-02T13:15:05+00:00","breadcrumb":{"@id":"https:\/\/bauapp.pl\/?page_id=1579#breadcrumb"},"inLanguage":"hu","potentialAction":[{"@type":"ReadAction","target":["https:\/\/bauapp.pl\/?page_id=1579"]}]},{"@type":"BreadcrumbList","@id":"https:\/\/bauapp.pl\/?page_id=1579#breadcrumb","itemListElement":[{"@type":"ListItem","position":1,"name":"Kezd\u0151lap","item":"https:\/\/bauapp.pl\/"},{"@type":"ListItem","position":2,"name":"PRZETESTUJ"}]},{"@type":"WebSite","@id":"https:\/\/bauapp.pl\/#website","url":"https:\/\/bauapp.pl\/","name":"bauapp.pl","description":"Aplikacja mobilna Bauapp Kft Construction","potentialAction":[{"@type":"SearchAction","target":{"@type":"EntryPoint","urlTemplate":"https:\/\/bauapp.pl\/?s={search_term_string}"},"query-input":{"@type":"PropertyValueSpecification","valueRequired":true,"valueName":"search_term_string"}}],"inLanguage":"hu"}]}},"_links":{"self":[{"href":"https:\/\/bauapp.pl\/index.php?rest_route=\/wp\/v2\/pages\/1579","targetHints":{"allow":["GET"]}}],"collection":[{"href":"https:\/\/bauapp.pl\/index.php?rest_route=\/wp\/v2\/pages"}],"about":[{"href":"https:\/\/bauapp.pl\/index.php?rest_route=\/wp\/v2\/types\/page"}],"author":[{"embeddable":true,"href":"https:\/\/bauapp.pl\/index.php?rest_route=\/wp\/v2\/users\/1"}],"replies":[{"embeddable":true,"href":"https:\/\/bauapp.pl\/index.php?rest_route=%2Fwp%2Fv2%2Fcomments&post=1579"}],"version-history":[{"count":43,"href":"https:\/\/bauapp.pl\/index.php?rest_route=\/wp\/v2\/pages\/1579\/revisions"}],"predecessor-version":[{"id":1817,"href":"https:\/\/bauapp.pl\/index.php?rest_route=\/wp\/v2\/pages\/1579\/revisions\/1817"}],"wp:attachment":[{"href":"https:\/\/bauapp.pl\/index.php?rest_route=%2Fwp%2Fv2%2Fmedia&parent=1579"}],"curies":[{"name":"wp","href":"https:\/\/api.w.org\/{rel}","templated":true}]}}