{"id":1706,"date":"2024-06-24T15:04:40","date_gmt":"2024-06-24T13:04:40","guid":{"rendered":"https:\/\/bauapp.pl\/?page_id=1706"},"modified":"2024-06-26T14:03:11","modified_gmt":"2024-06-26T12:03:11","slug":"costumer","status":"publish","type":"page","link":"https:\/\/bauapp.pl\/?page_id=1706","title":{"rendered":"costumer"},"content":{"rendered":"<section class=\"l-section wpb_row height_medium\"><div class=\"l-section-h i-cf\"><div class=\"g-cols vc_row via_grid cols_1 laptops-cols_inherit tablets-cols_inherit mobiles-cols_1 valign_top type_default stacking_default\"><div class=\"wpb_column vc_column_container\"><div class=\"vc_column-inner\"><div class=\"g-cols wpb_row via_grid cols_1 laptops-cols_inherit tablets-cols_inherit mobiles-cols_1 valign_top type_default stacking_default\" style=\"--gap:3rem;\"><div class=\"wpb_column vc_column_container\"><div class=\"vc_column-inner\"><div class=\"wpb_text_column\"><div class=\"wpb_wrapper\"><h1 class=\"w-page-title align_left type_inline\" style=\"color: #00008b;\"><span>Customer Service Specialist<\/span><\/h1>\n<h4>Poland, Warsaw, ul. Prosta 20,<\/h4>\n<h4>hybrid work, full time, contract of employment, junior specialist,<\/h4>\n<h4>immediate employment, attractive salary, remote recruitment<\/h4>\n<hr class=\"vonal\" \/>\n<\/div><\/div><\/div><\/div><\/div><div class=\"wpb_text_column\"><div class=\"wpb_wrapper\"><p class=\"p1\"><b>Your responsibilities<\/b><\/p>\n<ul class=\"ul1\">\n<li class=\"li2\">Phone and email technical support for key customers, in line with the company\u2019s standards<\/li>\n<li class=\"li2\">Supporting the setup of new clients and new modules of existing clients<\/li>\n<li class=\"li2\">Understanding our customers\u2019 technical issues and finding solutions<\/li>\n<li class=\"li2\">Continuous communication with product development team about new requests from the clients<\/li>\n<li class=\"li2\">Continuous communication with regional system engineers and customer service team<\/li>\n<li class=\"li2\">Provide online training to clients\u2019 key users<\/li>\n<li class=\"li2\">Working with internal ticketing system for both client issues and internal tasks<\/li>\n<li class=\"li2\">Constantly learning about new features and possibilities of BauApp solution<\/li>\n<\/ul>\n<p class=\"p1\"><b>Our requirements<\/b><\/p>\n<ul class=\"ul1\">\n<li class=\"li2\">Higher education (IT or technical studies are welcome)<\/li>\n<li class=\"li2\">Minimum 3 years of work experience in customer service<\/li>\n<li class=\"li2\">Great communication and listening skills and ability to identify of customers\u2019 challenges<\/li>\n<li class=\"li2\">Ability to build long-term relationships with the client<\/li>\n<li class=\"li2\">Ability to work in an international and dynamic team<\/li>\n<li class=\"li2\">Independence in action and very good organization of work<\/li>\n<li class=\"li2\">Willingness to learn and willingness for long-term development within the organization<\/li>\n<li class=\"li2\">Love for technology and innovation<\/li>\n<li class=\"li2\">Willingness to travel on business \u2013 remote work from Budapest about 20% of the time<\/li>\n<li class=\"li2\">Expert knowledge of MS Office<\/li>\n<li class=\"li2\">Very good command of the English language<\/li>\n<\/ul>\n<p class=\"p1\"><span class=\"s2\"><b>Optional<\/b><\/span><\/p>\n<ul class=\"ul1\">\n<li class=\"li2\">Experience working with IT systems, ERP systems is an advantage<\/li>\n<li class=\"li2\">Experience working in construction is an advantage<\/li>\n<li class=\"li2\">International work experience is a huge plus<\/li>\n<\/ul>\n<p class=\"p1\"><b>What we offer<\/b><\/p>\n<ul class=\"ul1\">\n<li class=\"li2\">Be part of the digital revolution in the largest industry (construction)<\/li>\n<li class=\"li2\">Competitive compensation package<\/li>\n<li class=\"li2\">Joining the team of 2021 years best Prop-tech company in Poland<\/li>\n<li class=\"li2\">Flexible working hours, including 2-3 days home office per week<\/li>\n<li class=\"li2\">Attractive office environment within Mennica Tower in Warsaw<\/li>\n<li class=\"li2\">Barista and unlimited coffee<\/li>\n<li class=\"li2\">International work environment<\/li>\n<li class=\"li2\">Be part of a dynamically growing startup<\/li>\n<li class=\"li2\">Young, dynamic team<\/li>\n<\/ul>\n<p class=\"p1\"><b>Additional information<\/b><\/p>\n<ul class=\"ul1\">\n<li class=\"li2\">Native Polish language is a must<\/li>\n<li class=\"li2\">Need to work \/ live in Warsaw<\/li>\n<li class=\"li2\">We can accept only English language applications<\/li>\n<li class=\"li2\">Hybrid work: has to appear from time to time at the office, but not everyday<\/li>\n<li class=\"li2\">Experience from international work environment is huge advantage<\/li>\n<\/ul>\n<h6 style=\"color: #038b45;\"><strong>Job Features<\/strong><\/h6>\n<\/div><\/div><div class=\"w-html\"><style>\ntable {\n  border-collapse: collapse;\n  width: 100%;\n}\n\nth, td {\n  text-align: left;\n  padding: 26px;\nfont-size: 18px;\n}\n\ntr:nth-child(even) {\nbackground-color: #f2f2f2;\nmax-height: 30px;\n}\n<\/style>\n\n\n\n<div style=\"overflow-x: auto;\">\n  <table>\n    <tr>\n      <td>Location<\/td>\n      <td>Warsaw, ul. Prosta 20<\/td>\n    <\/tr>\n    <hr class=\"vonal\">\n    <tr>\n      <td>Agreement<\/td>\n      <td>Contract of employment<\/td>\n    <\/tr>\n    <tr>\n      <td>Employee Level<\/td>\n      <td>Specialist (mid \/ regular)<\/td>\n    <\/tr>\n     <tr>\n      <td>Start date<\/td>\n     <td>Immediate employment<\/td>\n    <\/tr>\n     <tr>\n      <td>Benefits<\/td>\n      <td>Attractive salary<\/td>\n    <\/tr>\n     <tr>\n      <td>Flexibility<\/td>\n      <td>Hybrid work<\/td>\n    <\/tr>\n     <tr>\n      <td>Type<\/td>\n      <td>Part time<\/td>\n    <\/tr>\n     <tr>\n      <td>Recruitment<\/td>\n      <td>Remote recruitment<\/td>\n    <\/tr>\n    <tr>\n  <\/table>\n<\/div><\/div><\/div><\/div><\/div><\/div><\/section><section class=\"l-section wpb_row height_medium\"><div class=\"l-section-h i-cf\"><div class=\"g-cols vc_row via_grid cols_1 laptops-cols_inherit tablets-cols_inherit mobiles-cols_1 valign_top type_default stacking_default\"><div class=\"wpb_column vc_column_container\"><div class=\"vc_column-inner\"><div class=\"wpb_text_column\"><div class=\"wpb_wrapper\"><p class=\"p1\" style=\"text-align: center;\">Sounds interesting? Send your CV to:<\/p>\n<h4 style=\"text-align: center;\"><strong><a href=\"mailto:kariera@bauapp.pl\">kariera@bauapp.pl<\/a><\/strong><\/h4>\n<\/div><\/div><\/div><\/div><\/div><\/div><\/section>\n","protected":false},"excerpt":{"rendered":"Customer Service Specialist Poland, Warsaw, ul. Prosta 20, hybrid work, full time, contract of employment, junior specialist, immediate employment, attractive salary, remote recruitment Your responsibilities Phone and email technical support for key customers, in line with the company\u2019s standards Supporting the setup of new clients and new modules of existing clients Understanding our customers\u2019 technical...","protected":false},"author":1,"featured_media":0,"parent":0,"menu_order":0,"comment_status":"closed","ping_status":"closed","template":"","meta":{"_exactmetrics_skip_tracking":false,"_exactmetrics_sitenote_active":false,"_exactmetrics_sitenote_note":"","_exactmetrics_sitenote_category":0,"footnotes":""},"class_list":["post-1706","page","type-page","status-publish","hentry"],"yoast_head":"<!-- This site is optimized with the Yoast SEO plugin v27.4 - https:\/\/yoast.com\/product\/yoast-seo-wordpress\/ -->\n<title>costumer - bauapp.pl<\/title>\n<meta name=\"robots\" content=\"index, follow, max-snippet:-1, max-image-preview:large, max-video-preview:-1\" \/>\n<link rel=\"canonical\" href=\"https:\/\/bauapp.pl\/?page_id=1706\" \/>\n<meta property=\"og:locale\" content=\"hu_HU\" \/>\n<meta property=\"og:type\" content=\"article\" \/>\n<meta property=\"og:title\" content=\"costumer - bauapp.pl\" \/>\n<meta property=\"og:url\" content=\"https:\/\/bauapp.pl\/?page_id=1706\" \/>\n<meta property=\"og:site_name\" content=\"bauapp.pl\" \/>\n<meta property=\"article:modified_time\" content=\"2024-06-26T12:03:11+00:00\" \/>\n<meta name=\"twitter:card\" content=\"summary_large_image\" \/>\n<meta name=\"twitter:label1\" content=\"Becs\u00fclt olvas\u00e1si id\u0151\" \/>\n\t<meta name=\"twitter:data1\" content=\"2 perc\" \/>\n<script type=\"application\/ld+json\" class=\"yoast-schema-graph\">{\"@context\":\"https:\\\/\\\/schema.org\",\"@graph\":[{\"@type\":\"WebPage\",\"@id\":\"https:\\\/\\\/bauapp.pl\\\/?page_id=1706\",\"url\":\"https:\\\/\\\/bauapp.pl\\\/?page_id=1706\",\"name\":\"costumer - bauapp.pl\",\"isPartOf\":{\"@id\":\"https:\\\/\\\/bauapp.pl\\\/#website\"},\"datePublished\":\"2024-06-24T13:04:40+00:00\",\"dateModified\":\"2024-06-26T12:03:11+00:00\",\"breadcrumb\":{\"@id\":\"https:\\\/\\\/bauapp.pl\\\/?page_id=1706#breadcrumb\"},\"inLanguage\":\"hu\",\"potentialAction\":[{\"@type\":\"ReadAction\",\"target\":[\"https:\\\/\\\/bauapp.pl\\\/?page_id=1706\"]}]},{\"@type\":\"BreadcrumbList\",\"@id\":\"https:\\\/\\\/bauapp.pl\\\/?page_id=1706#breadcrumb\",\"itemListElement\":[{\"@type\":\"ListItem\",\"position\":1,\"name\":\"Kezd\u0151lap\",\"item\":\"https:\\\/\\\/bauapp.pl\\\/\"},{\"@type\":\"ListItem\",\"position\":2,\"name\":\"costumer\"}]},{\"@type\":\"WebSite\",\"@id\":\"https:\\\/\\\/bauapp.pl\\\/#website\",\"url\":\"https:\\\/\\\/bauapp.pl\\\/\",\"name\":\"bauapp.pl\",\"description\":\"Aplikacja mobilna Bauapp Kft Construction\",\"potentialAction\":[{\"@type\":\"SearchAction\",\"target\":{\"@type\":\"EntryPoint\",\"urlTemplate\":\"https:\\\/\\\/bauapp.pl\\\/?s={search_term_string}\"},\"query-input\":{\"@type\":\"PropertyValueSpecification\",\"valueRequired\":true,\"valueName\":\"search_term_string\"}}],\"inLanguage\":\"hu\"}]}<\/script>\n<!-- \/ Yoast SEO plugin. -->","yoast_head_json":{"title":"costumer - bauapp.pl","robots":{"index":"index","follow":"follow","max-snippet":"max-snippet:-1","max-image-preview":"max-image-preview:large","max-video-preview":"max-video-preview:-1"},"canonical":"https:\/\/bauapp.pl\/?page_id=1706","og_locale":"hu_HU","og_type":"article","og_title":"costumer - bauapp.pl","og_url":"https:\/\/bauapp.pl\/?page_id=1706","og_site_name":"bauapp.pl","article_modified_time":"2024-06-26T12:03:11+00:00","twitter_card":"summary_large_image","twitter_misc":{"Becs\u00fclt olvas\u00e1si id\u0151":"2 perc"},"schema":{"@context":"https:\/\/schema.org","@graph":[{"@type":"WebPage","@id":"https:\/\/bauapp.pl\/?page_id=1706","url":"https:\/\/bauapp.pl\/?page_id=1706","name":"costumer - bauapp.pl","isPartOf":{"@id":"https:\/\/bauapp.pl\/#website"},"datePublished":"2024-06-24T13:04:40+00:00","dateModified":"2024-06-26T12:03:11+00:00","breadcrumb":{"@id":"https:\/\/bauapp.pl\/?page_id=1706#breadcrumb"},"inLanguage":"hu","potentialAction":[{"@type":"ReadAction","target":["https:\/\/bauapp.pl\/?page_id=1706"]}]},{"@type":"BreadcrumbList","@id":"https:\/\/bauapp.pl\/?page_id=1706#breadcrumb","itemListElement":[{"@type":"ListItem","position":1,"name":"Kezd\u0151lap","item":"https:\/\/bauapp.pl\/"},{"@type":"ListItem","position":2,"name":"costumer"}]},{"@type":"WebSite","@id":"https:\/\/bauapp.pl\/#website","url":"https:\/\/bauapp.pl\/","name":"bauapp.pl","description":"Aplikacja mobilna Bauapp Kft Construction","potentialAction":[{"@type":"SearchAction","target":{"@type":"EntryPoint","urlTemplate":"https:\/\/bauapp.pl\/?s={search_term_string}"},"query-input":{"@type":"PropertyValueSpecification","valueRequired":true,"valueName":"search_term_string"}}],"inLanguage":"hu"}]}},"_links":{"self":[{"href":"https:\/\/bauapp.pl\/index.php?rest_route=\/wp\/v2\/pages\/1706","targetHints":{"allow":["GET"]}}],"collection":[{"href":"https:\/\/bauapp.pl\/index.php?rest_route=\/wp\/v2\/pages"}],"about":[{"href":"https:\/\/bauapp.pl\/index.php?rest_route=\/wp\/v2\/types\/page"}],"author":[{"embeddable":true,"href":"https:\/\/bauapp.pl\/index.php?rest_route=\/wp\/v2\/users\/1"}],"replies":[{"embeddable":true,"href":"https:\/\/bauapp.pl\/index.php?rest_route=%2Fwp%2Fv2%2Fcomments&post=1706"}],"version-history":[{"count":3,"href":"https:\/\/bauapp.pl\/index.php?rest_route=\/wp\/v2\/pages\/1706\/revisions"}],"predecessor-version":[{"id":1781,"href":"https:\/\/bauapp.pl\/index.php?rest_route=\/wp\/v2\/pages\/1706\/revisions\/1781"}],"wp:attachment":[{"href":"https:\/\/bauapp.pl\/index.php?rest_route=%2Fwp%2Fv2%2Fmedia&parent=1706"}],"curies":[{"name":"wp","href":"https:\/\/api.w.org\/{rel}","templated":true}]}}